{"id":2,"date":"2024-04-23T20:25:00","date_gmt":"2024-04-23T18:25:00","guid":{"rendered":"https:\/\/testpredyspozycjijezykowych.pl\/?page_id=2"},"modified":"2025-08-21T09:58:21","modified_gmt":"2025-08-21T07:58:21","slug":"przykladowa-strona","status":"publish","type":"page","link":"https:\/\/testpredyspozycjijezykowych.pl\/","title":{"rendered":"Test predyspozycji j\u0119zykowych"},"content":{"rendered":"\n<p><\/p>\n\n\n\n<p><\/p>\n\n\n\n<p>Test predyspozycji j\u0119zykowych (lub tak zwany test zdolno\u015bci j\u0119zykowych) ma na celu ocen\u0119 zdolno\u015bci do nauki nowych j\u0119zyk\u00f3w.<\/p>\n\n\n\n<p>Nie ocenia on bie\u017c\u0105cej wiedzy j\u0119zykowej uczestnika, ale raczej jego potencja\u0142 w zakresie przyswajania j\u0119zyk\u00f3w obcych.<\/p>\n\n\n\n<p>Zakres merytoryczny testu kompetencji j\u0119zykowych opiera si\u0119 na:<\/p>\n\n\n\n<p>&#8211; celu testu, czyli selekcji pracownik\u00f3w do sektoru medycznego w Szwajcarii,<\/p>\n\n\n\n<p>&#8211; za\u0142o\u017conej znajomo\u015bci j\u0119zyka angielskiego na poziomie B1,<\/p>\n\n\n\n<p>&#8211; zerowej lub minimalnej znajomo\u015bci j\u0119zyka niemieckiego,<\/p>\n\n\n\n<p>&#8211; grupie wiekowej mi\u0119dzy 20-45 lat,<\/p>\n\n\n\n<p>&#8211; gender: kobiety i m\u0119\u017cczy\u017ani,<\/p>\n\n\n\n<p>&#8211; do\u015bwiadczeniu \u2013 od ma\u0142ego do \u015bredniego (1-10lat)<\/p>\n\n\n<style>.wp-block-kadence-advancedbtn.kb-btns2_0537f4-5b{gap:var(--global-kb-gap-xs, 0.5rem );justify-content:center;align-items:center;}.kt-btns2_0537f4-5b .kt-button{font-weight:normal;font-style:normal;}.kt-btns2_0537f4-5b .kt-btn-wrap-0{margin-right:5px;}.wp-block-kadence-advancedbtn.kt-btns2_0537f4-5b .kt-btn-wrap-0 .kt-button{color:#555555;border-color:#555555;}.wp-block-kadence-advancedbtn.kt-btns2_0537f4-5b .kt-btn-wrap-0 .kt-button:hover, .wp-block-kadence-advancedbtn.kt-btns2_0537f4-5b .kt-btn-wrap-0 .kt-button:focus{color:#ffffff;border-color:#444444;}.wp-block-kadence-advancedbtn.kt-btns2_0537f4-5b .kt-btn-wrap-0 .kt-button::before{display:none;}.wp-block-kadence-advancedbtn.kt-btns2_0537f4-5b .kt-btn-wrap-0 .kt-button:hover, .wp-block-kadence-advancedbtn.kt-btns2_0537f4-5b .kt-btn-wrap-0 .kt-button:focus{background:#444444;}<\/style>\n<div class=\"wp-block-kadence-advancedbtn kb-buttons-wrap kb-btns2_0537f4-5b\"><style>ul.menu .wp-block-kadence-advancedbtn .kb-btn2_986574-72.kb-button{width:initial;}<\/style><a class=\"kb-button kt-button button kb-btn2_986574-72 kt-btn-size-standard kt-btn-width-type-auto kb-btn-global-fill  kt-btn-has-text-true kt-btn-has-svg-false  wp-block-kadence-singlebtn\" href=\"https:\/\/testpredyspozycjijezykowych.pl\/?qsm_quiz=test-predyspozycji-jezykowych\"><span class=\"kt-btn-inner-text\">TEST<\/span><\/a><\/div>\n\n\n\n<p><\/p>\n","protected":false},"excerpt":{"rendered":"<p>Test predyspozycji j\u0119zykowych (lub tak zwany test zdolno\u015bci j\u0119zykowych) ma na celu ocen\u0119 zdolno\u015bci do nauki nowych j\u0119zyk\u00f3w. Nie ocenia on bie\u017c\u0105cej wiedzy j\u0119zykowej uczestnika, ale raczej jego potencja\u0142 w zakresie przyswajania j\u0119zyk\u00f3w obcych. Zakres merytoryczny testu kompetencji j\u0119zykowych opiera si\u0119 na: &#8211; celu testu, czyli selekcji pracownik\u00f3w do sektoru medycznego w Szwajcarii, &#8211; za\u0142o\u017conej&#8230;<\/p>\n","protected":false},"author":1,"featured_media":0,"parent":0,"menu_order":0,"comment_status":"closed","ping_status":"open","template":"","meta":{"_kad_post_transparent":"","_kad_post_title":"","_kad_post_layout":"narrow","_kad_post_sidebar_id":"","_kad_post_content_style":"","_kad_post_vertical_padding":"","_kad_post_feature":"","_kad_post_feature_position":"","_kad_post_header":false,"_kad_post_footer":false,"_kad_post_classname":"","footnotes":""},"class_list":["post-2","page","type-page","status-publish","hentry"],"_links":{"self":[{"href":"https:\/\/testpredyspozycjijezykowych.pl\/index.php?rest_route=\/wp\/v2\/pages\/2","targetHints":{"allow":["GET"]}}],"collection":[{"href":"https:\/\/testpredyspozycjijezykowych.pl\/index.php?rest_route=\/wp\/v2\/pages"}],"about":[{"href":"https:\/\/testpredyspozycjijezykowych.pl\/index.php?rest_route=\/wp\/v2\/types\/page"}],"author":[{"embeddable":true,"href":"https:\/\/testpredyspozycjijezykowych.pl\/index.php?rest_route=\/wp\/v2\/users\/1"}],"replies":[{"embeddable":true,"href":"https:\/\/testpredyspozycjijezykowych.pl\/index.php?rest_route=%2Fwp%2Fv2%2Fcomments&post=2"}],"version-history":[{"count":10,"href":"https:\/\/testpredyspozycjijezykowych.pl\/index.php?rest_route=\/wp\/v2\/pages\/2\/revisions"}],"predecessor-version":[{"id":3228,"href":"https:\/\/testpredyspozycjijezykowych.pl\/index.php?rest_route=\/wp\/v2\/pages\/2\/revisions\/3228"}],"wp:attachment":[{"href":"https:\/\/testpredyspozycjijezykowych.pl\/index.php?rest_route=%2Fwp%2Fv2%2Fmedia&parent=2"}],"curies":[{"name":"wp","href":"https:\/\/api.w.org\/{rel}","templated":true}]}}